{"id":386,"date":"2020-03-07T22:15:33","date_gmt":"2020-03-07T22:15:33","guid":{"rendered":"https:\/\/wpjelly.com\/paschalis\/?page_id=386"},"modified":"2026-04-08T09:34:51","modified_gmt":"2026-04-08T09:34:51","slug":"impressum","status":"publish","type":"page","link":"https:\/\/www.ingklotz.at\/en\/impressum\/","title":{"rendered":"Imprint"},"content":{"rendered":"\t\t<div data-elementor-type=\"wp-page\" data-elementor-id=\"386\" class=\"elementor elementor-386\">\n\t\t\t\t\t\t<section class=\"elementor-section elementor-top-section elementor-element elementor-element-5d53bb7d elementor-section-height-min-height elementor-section-boxed elementor-section-height-default elementor-section-items-middle\" data-id=\"5d53bb7d\" data-element_type=\"section\" data-e-type=\"section\" data-settings=\"{&quot;background_background&quot;:&quot;classic&quot;}\">\n\t\t\t\t\t\t\t<div class=\"elementor-background-overlay\"><\/div>\n\t\t\t\t\t\t\t<div class=\"elementor-container elementor-column-gap-default\">\n\t\t\t\t\t<div class=\"elementor-column elementor-col-100 elementor-top-column elementor-element elementor-element-1a41fb51\" data-id=\"1a41fb51\" data-element_type=\"column\" data-e-type=\"column\">\n\t\t\t<div class=\"elementor-widget-wrap elementor-element-populated\">\n\t\t\t\t\t\t<div class=\"elementor-element elementor-element-52d77469 elementor-widget elementor-widget-heading\" data-id=\"52d77469\" data-element_type=\"widget\" data-e-type=\"widget\" data-widget_type=\"heading.default\">\n\t\t\t\t<div class=\"elementor-widget-container\">\n\t\t\t\t\t<h2 class=\"elementor-heading-title elementor-size-default\">Impressum<\/h2>\t\t\t\t<\/div>\n\t\t\t\t<\/div>\n\t\t\t\t\t<\/div>\n\t\t<\/div>\n\t\t\t\t\t<\/div>\n\t\t<\/section>\n\t\t\t\t<section class=\"elementor-section elementor-top-section elementor-element elementor-element-6900f7ce elementor-section-boxed elementor-section-height-default elementor-section-height-default\" data-id=\"6900f7ce\" data-element_type=\"section\" data-e-type=\"section\">\n\t\t\t\t\t\t<div class=\"elementor-container elementor-column-gap-default\">\n\t\t\t\t\t<div class=\"elementor-column elementor-col-100 elementor-top-column elementor-element elementor-element-6428a15e\" data-id=\"6428a15e\" data-element_type=\"column\" data-e-type=\"column\">\n\t\t\t<div class=\"elementor-widget-wrap elementor-element-populated\">\n\t\t\t\t\t\t<div class=\"elementor-element elementor-element-59a003c7 elementor-widget elementor-widget-text-editor\" data-id=\"59a003c7\" data-element_type=\"widget\" data-e-type=\"widget\" data-widget_type=\"text-editor.default\">\n\t\t\t\t<div class=\"elementor-widget-container\">\n\t\t\t\t\t\t\t\t\t<p>Firmenanschrift<\/p>\t\t\t\t\t\t\t\t<\/div>\n\t\t\t\t<\/div>\n\t\t\t\t<div class=\"elementor-element elementor-element-4d5ba591 elementor-widget elementor-widget-text-editor\" data-id=\"4d5ba591\" data-element_type=\"widget\" data-e-type=\"widget\" data-widget_type=\"text-editor.default\">\n\t\t\t\t<div class=\"elementor-widget-container\">\n\t\t\t\t\t\t\t\t\t<p>Informationspflicht [\u00a75 Abs.1e-Commerce-Gesetz]<\/p><p>Firmenname: Klotz Engineering GmbH<br \/><span data-sheets-root=\"1\" data-sheets-value=\"{&quot;1&quot;:2,&quot;2&quot;:&quot;Gesch\u00e4ftsf\u00fchrer Ing. Mathias Klotz BSc.&quot;}\" data-sheets-userformat=\"{&quot;2&quot;:513,&quot;3&quot;:{&quot;1&quot;:0},&quot;12&quot;:0}\">Gesch\u00e4ftsf\u00fchrer: <\/span>Dipl.-Ing. Mathias Klotz<\/p><p><br \/><span data-sheets-root=\"1\" data-sheets-value=\"{&quot;1&quot;:2,&quot;2&quot;:&quot;Kammerzugeh\u00f6rigkeit: Wirtschaftskammer Tirol&quot;}\" data-sheets-userformat=\"{&quot;2&quot;:513,&quot;3&quot;:{&quot;1&quot;:0},&quot;12&quot;:0}\">Kammerzugeh\u00f6rigkeit: Wirtschaftskammer Tirol<\/span><\/p><p>Steuernummer: 84209\/7560<br \/>UID-Nr: ATU80260067<\/p><p>Firmenbuchnummer: 618099w<br \/><span data-sheets-root=\"1\" data-sheets-value=\"{&quot;1&quot;:2,&quot;2&quot;:&quot;Firmenbuchgericht: Ladesgericht Innsbruck&quot;}\" data-sheets-userformat=\"{&quot;2&quot;:513,&quot;3&quot;:{&quot;1&quot;:0},&quot;12&quot;:0}\">Firmenbuchgericht: Ladesgericht Innsbruck<\/span><\/p><p>Fachgruppe: Ingenieurb\u00fcro<\/p><p>Anschrift: <br \/>Oberl\u00e4ngenfeld 13<br \/>6444 L\u00e4ngenfeld<br \/>Tel: +43664 4347215<br \/>Email: mathias@ingklotz.at<\/p><p>\u00a9 Klotz Engineering GmbH<\/p><p>Es gelten die Allgemeinen Gesch\u00e4ftsbedingungen des Fachverbands der Ingenieurb\u00fcros:<\/p><p><span style=\"text-decoration: underline;\"><span style=\"color: #993300; text-decoration: underline;\">https:\/\/www.ingenieurbueros.at\/verband\/de\/berufsrecht\/allgemeine_geschaeftsbedingungen<\/span><\/span><\/p>\t\t\t\t\t\t\t\t<\/div>\n\t\t\t\t<\/div>\n\t\t\t\t<div class=\"elementor-element elementor-element-46e1805 elementor-widget elementor-widget-text-editor\" data-id=\"46e1805\" data-element_type=\"widget\" data-e-type=\"widget\" data-widget_type=\"text-editor.default\">\n\t\t\t\t<div class=\"elementor-widget-container\">\n\t\t\t\t\t\t\t\t\t<p>Datenschutz<\/p>\t\t\t\t\t\t\t\t<\/div>\n\t\t\t\t<\/div>\n\t\t\t\t<div class=\"elementor-element elementor-element-195e202 elementor-widget elementor-widget-text-editor\" data-id=\"195e202\" data-element_type=\"widget\" data-e-type=\"widget\" data-widget_type=\"text-editor.default\">\n\t\t\t\t<div class=\"elementor-widget-container\">\n\t\t\t\t\t\t\t\t\t<p>Wir halten die Verordnungen des DSGVO ein und k\u00f6nnen Ihnen versichern, dass Ihre pers\u00f6nlichen Daten von uns selbstverst\u00e4ndlich vertraulich behandelt und nicht an Dritte weitergegeben werden. Weitere Informationen dar\u00fcber, wir pers\u00f6nliche Daten verarbeiten, finden Sie in unserer\u00a0<a href=\"https:\/\/www.ingklotz.at\/datenschutz\/\">Datenschutzerkl\u00e4rung.<\/a><\/p>\t\t\t\t\t\t\t\t<\/div>\n\t\t\t\t<\/div>\n\t\t\t\t\t<\/div>\n\t\t<\/div>\n\t\t\t\t\t<\/div>\n\t\t<\/section>\n\t\t\t\t<section class=\"elementor-section elementor-top-section elementor-element elementor-element-bbc3058 elementor-section-boxed elementor-section-height-default elementor-section-height-default\" data-id=\"bbc3058\" data-element_type=\"section\" data-e-type=\"section\">\n\t\t\t\t\t\t<div class=\"elementor-container elementor-column-gap-default\">\n\t\t\t\t\t<div class=\"elementor-column elementor-col-100 elementor-top-column elementor-element elementor-element-27b064ba\" data-id=\"27b064ba\" data-element_type=\"column\" data-e-type=\"column\">\n\t\t\t<div class=\"elementor-widget-wrap elementor-element-populated\">\n\t\t\t\t\t\t<div class=\"elementor-element elementor-element-79999926 elementor-widget elementor-widget-text-editor\" data-id=\"79999926\" data-element_type=\"widget\" data-e-type=\"widget\" data-widget_type=\"text-editor.default\">\n\t\t\t\t<div class=\"elementor-widget-container\">\n\t\t\t\t\t\t\t\t\t<p><strong>Urheberrechte und sonstige Sonderschutzrechte<\/strong><\/p>\t\t\t\t\t\t\t\t<\/div>\n\t\t\t\t<\/div>\n\t\t\t\t<div class=\"elementor-element elementor-element-55faab09 elementor-widget elementor-widget-text-editor\" data-id=\"55faab09\" data-element_type=\"widget\" data-e-type=\"widget\" data-widget_type=\"text-editor.default\">\n\t\t\t\t<div class=\"elementor-widget-container\">\n\t\t\t\t\t\t\t\t\t<p>Der Inhalt dieser Internetseiten ist urheberrechtlich gesch\u00fctzt. Grafiken, Texte, Logos, Bilder usw. d\u00fcrfen nur nach schriftlicher Genehmigung durch Klotz Engineering GmbH heruntergeladen, vervielf\u00e4ltigt, kopiert, ge\u00e4ndert, ver\u00f6ffentlicht, versendet, \u00fcbertragen oder in sonstiger Form genutzt werden. Bei genannten Produkt- und Firmennamen kann es sich um eingetragene Warenzeichen oder Marken handeln. Die unberechtigte Verwendung kann zu Schadenersatzanspr\u00fcchen und Unterlassungsanspr\u00fcchen f\u00fchren.<\/p><p><strong>Haftung f\u00fcr eigene Inhalte<\/strong><\/p><p>F\u00fcr den Inhalt verantwortlich: Klotz Engineering GmbH<\/p><p>Die Inhalte unserer Website wurden sorgf\u00e4ltig und nach bestem Gewissen erstellt. Gleichwohl kann f\u00fcr die Aktualit\u00e4t, Vollst\u00e4ndigkeit und Richtigkeit s\u00e4mtlicher Seiten keine Gew\u00e4hr \u00fcbernommen werden.<\/p><p><strong>Haftung f\u00fcr externe Inhalte<\/strong><\/p><p>Unsere Webseite enth\u00e4lt Verkn\u00fcpfungen zu Webseiten Dritter (sog. \u201eexterne Links\u201c). Da wir auf deren Inhalte keinen Einfluss haben, kann f\u00fcr die fremden Inhalte keine Gew\u00e4hr \u00fcbernommen werden. F\u00fcr die Inhalte und Richtigkeit der Informationen ist stets der jeweilige Informationsanbieter der verlinkten Webseite verantwortlich. Zum Zeitpunkt der Verlinkung waren keine Rechtsverst\u00f6\u00dfe erkennbar. Sobald uns eine Rechtsverletzung bekannt wird, werden wir den jeweiligen Link umgehend entfernen.<\/p><p><strong style=\"font-size: 16px;\">Fotos<\/strong><span style=\"font-size: 16px;\">: Mathias Klotz, <\/span><a style=\"font-size: 16px; background-color: #ffffff;\" href=\"http:\/\/www.pixabay.com\">pixabay.com<\/a><span style=\"font-size: 16px;\">, <\/span><a style=\"font-size: 16px; background-color: #ffffff;\" href=\"http:\/\/www.unsplash.com\">unsplash.com<\/a><span style=\"font-size: 16px;\">, <\/span><a style=\"font-size: 16px; background-color: #ffffff;\" href=\"http:\/\/www.pexels.com\">pexels.com<\/a><\/p><p><b>Icons<\/b>: <a href=\"http:\/\/www.flaticon.com\">flaticon.com<\/a><\/p>\t\t\t\t\t\t\t\t<\/div>\n\t\t\t\t<\/div>\n\t\t\t\t\t<\/div>\n\t\t<\/div>\n\t\t\t\t\t<\/div>\n\t\t<\/section>\n\t\t\t\t<section class=\"elementor-section elementor-top-section elementor-element elementor-element-4cec0190 elementor-section-boxed elementor-section-height-default elementor-section-height-default\" data-id=\"4cec0190\" data-element_type=\"section\" data-e-type=\"section\" data-settings=\"{&quot;background_background&quot;:&quot;classic&quot;}\">\n\t\t\t\t\t\t\t<div class=\"elementor-background-overlay\"><\/div>\n\t\t\t\t\t\t\t<div class=\"elementor-container elementor-column-gap-default\">\n\t\t\t\t\t<div class=\"elementor-column elementor-col-100 elementor-top-column elementor-element elementor-element-29bac87c\" data-id=\"29bac87c\" data-element_type=\"column\" data-e-type=\"column\">\n\t\t\t<div class=\"elementor-widget-wrap elementor-element-populated\">\n\t\t\t\t\t\t<div class=\"elementor-element elementor-element-11a062f9 elementor-widget elementor-widget-heading\" data-id=\"11a062f9\" data-element_type=\"widget\" data-e-type=\"widget\" data-widget_type=\"heading.default\">\n\t\t\t\t<div class=\"elementor-widget-container\">\n\t\t\t\t\t<h2 class=\"elementor-heading-title elementor-size-default\">Kundenn\u00e4he schafft Vertrauen<\/h2>\t\t\t\t<\/div>\n\t\t\t\t<\/div>\n\t\t\t\t\t<\/div>\n\t\t<\/div>\n\t\t\t\t\t<\/div>\n\t\t<\/section>\n\t\t\t\t<\/div>\n\t\t","protected":false},"excerpt":{"rendered":"<p>Impressum Firmenanschrift Informationspflicht [\u00a75 Abs.1e-Commerce-Gesetz] Firmenname: Klotz Engineering GmbHGesch\u00e4ftsf\u00fchrer: Dipl.-Ing. Mathias Klotz Kammerzugeh\u00f6rigkeit: Wirtschaftskammer Tirol Steuernummer: 84209\/7560UID-Nr: ATU80260067 Firmenbuchnummer: 618099wFirmenbuchgericht: Ladesgericht Innsbruck Fachgruppe: Ingenieurb\u00fcro Anschrift: Oberl\u00e4ngenfeld 136444 L\u00e4ngenfeldTel: +43664 4347215Email: mathias@ingklotz.at \u00a9 Klotz Engineering GmbH Es gelten die Allgemeinen Gesch\u00e4ftsbedingungen des Fachverbands der Ingenieurb\u00fcros: https:\/\/www.ingenieurbueros.at\/verband\/de\/berufsrecht\/allgemeine_geschaeftsbedingungen Datenschutz Wir halten die Verordnungen des DSGVO ein und k\u00f6nnen [&hellip;]<\/p>\n","protected":false},"author":1,"featured_media":0,"parent":0,"menu_order":0,"comment_status":"closed","ping_status":"closed","template":"elementor_header_footer","meta":{"ocean_post_layout":"","ocean_both_sidebars_style":"","ocean_both_sidebars_content_width":0,"ocean_both_sidebars_sidebars_width":0,"ocean_sidebar":"0","ocean_second_sidebar":"0","ocean_disable_margins":"enable","ocean_add_body_class":"","ocean_shortcode_before_top_bar":"","ocean_shortcode_after_top_bar":"","ocean_shortcode_before_header":"","ocean_shortcode_after_header":"","ocean_has_shortcode":"","ocean_shortcode_after_title":"","ocean_shortcode_before_footer_widgets":"","ocean_shortcode_after_footer_widgets":"","ocean_shortcode_before_footer_bottom":"","ocean_shortcode_after_footer_bottom":"","ocean_display_top_bar":"default","ocean_display_header":"default","ocean_header_style":"","ocean_center_header_left_menu":"0","ocean_custom_header_template":"0","ocean_custom_logo":0,"ocean_custom_retina_logo":0,"ocean_custom_logo_max_width":0,"ocean_custom_logo_tablet_max_width":0,"ocean_custom_logo_mobile_max_width":0,"ocean_custom_logo_max_height":0,"ocean_custom_logo_tablet_max_height":0,"ocean_custom_logo_mobile_max_height":0,"ocean_header_custom_menu":"0","ocean_menu_typo_font_family":"0","ocean_menu_typo_font_subset":"","ocean_menu_typo_font_size":0,"ocean_menu_typo_font_size_tablet":0,"ocean_menu_typo_font_size_mobile":0,"ocean_menu_typo_font_size_unit":"px","ocean_menu_typo_font_weight":"","ocean_menu_typo_font_weight_tablet":"","ocean_menu_typo_font_weight_mobile":"","ocean_menu_typo_transform":"","ocean_menu_typo_transform_tablet":"","ocean_menu_typo_transform_mobile":"","ocean_menu_typo_line_height":0,"ocean_menu_typo_line_height_tablet":0,"ocean_menu_typo_line_height_mobile":0,"ocean_menu_typo_line_height_unit":"","ocean_menu_typo_spacing":0,"ocean_menu_typo_spacing_tablet":0,"ocean_menu_typo_spacing_mobile":0,"ocean_menu_typo_spacing_unit":"","ocean_menu_link_color":"","ocean_menu_link_color_hover":"","ocean_menu_link_color_active":"","ocean_menu_link_background":"","ocean_menu_link_hover_background":"","ocean_menu_link_active_background":"","ocean_menu_social_links_bg":"","ocean_menu_social_hover_links_bg":"","ocean_menu_social_links_color":"","ocean_menu_social_hover_links_color":"","ocean_disable_title":"default","ocean_disable_heading":"default","ocean_post_title":"","ocean_post_subheading":"","ocean_post_title_style":"","ocean_post_title_background_color":"","ocean_post_title_background":0,"ocean_post_title_bg_image_position":"","ocean_post_title_bg_image_attachment":"","ocean_post_title_bg_image_repeat":"","ocean_post_title_bg_image_size":"","ocean_post_title_height":0,"ocean_post_title_bg_overlay":0.5,"ocean_post_title_bg_overlay_color":"","ocean_disable_breadcrumbs":"default","ocean_breadcrumbs_color":"","ocean_breadcrumbs_separator_color":"","ocean_breadcrumbs_links_color":"","ocean_breadcrumbs_links_hover_color":"","ocean_display_footer_widgets":"default","ocean_display_footer_bottom":"default","ocean_custom_footer_template":"0","footnotes":""},"class_list":["post-386","page","type-page","status-publish","hentry","entry"],"yoast_head":"<!-- This site is optimized with the Yoast SEO plugin v27.6 - https:\/\/yoast.com\/product\/yoast-seo-wordpress\/ -->\n<title>Impressum | Klotz Engineering GmbH<\/title>\n<meta name=\"description\" content=\"Ihr Profi f\u00fcr technische \u00dcberpr\u00fcfung im \u00d6tztal. Das Ingenieurb\u00fcro Klotz steht f\u00fcr Sicherheit und bietet Pr\u00fcfdienstleistungen h\u00f6chster Qualit\u00e4t.\" \/>\n<meta name=\"robots\" content=\"index, follow, max-snippet:-1, max-image-preview:large, max-video-preview:-1\" \/>\n<link rel=\"canonical\" href=\"https:\/\/www.ingklotz.at\/en\/impressum\/\" \/>\n<meta property=\"og:locale\" content=\"en_GB\" \/>\n<meta property=\"og:type\" content=\"article\" \/>\n<meta property=\"og:title\" content=\"Impressum | Klotz Engineering GmbH\" \/>\n<meta property=\"og:description\" content=\"Ihr Profi f\u00fcr technische \u00dcberpr\u00fcfung im \u00d6tztal. Das Ingenieurb\u00fcro Klotz steht f\u00fcr Sicherheit und bietet Pr\u00fcfdienstleistungen h\u00f6chster Qualit\u00e4t.\" \/>\n<meta property=\"og:url\" content=\"https:\/\/www.ingklotz.at\/en\/impressum\/\" \/>\n<meta property=\"og:site_name\" content=\"Klotz Engineering GmbH\" \/>\n<meta property=\"article:modified_time\" content=\"2026-04-08T09:34:51+00:00\" \/>\n<meta name=\"twitter:card\" content=\"summary_large_image\" \/>\n<meta name=\"twitter:label1\" content=\"Estimated reading time\" \/>\n\t<meta name=\"twitter:data1\" content=\"2 minutes\" \/>\n<script type=\"application\/ld+json\" class=\"yoast-schema-graph\">{\"@context\":\"https:\\\/\\\/schema.org\",\"@graph\":[{\"@type\":\"WebPage\",\"@id\":\"https:\\\/\\\/www.ingklotz.at\\\/impressum\\\/\",\"url\":\"https:\\\/\\\/www.ingklotz.at\\\/impressum\\\/\",\"name\":\"Impressum | Klotz Engineering GmbH\",\"isPartOf\":{\"@id\":\"https:\\\/\\\/www.ingklotz.at\\\/#website\"},\"datePublished\":\"2020-03-07T22:15:33+00:00\",\"dateModified\":\"2026-04-08T09:34:51+00:00\",\"description\":\"Ihr Profi f\u00fcr technische \u00dcberpr\u00fcfung im \u00d6tztal. Das Ingenieurb\u00fcro Klotz steht f\u00fcr Sicherheit und bietet Pr\u00fcfdienstleistungen h\u00f6chster Qualit\u00e4t.\",\"breadcrumb\":{\"@id\":\"https:\\\/\\\/www.ingklotz.at\\\/impressum\\\/#breadcrumb\"},\"inLanguage\":\"en-GB\",\"potentialAction\":[{\"@type\":\"ReadAction\",\"target\":[\"https:\\\/\\\/www.ingklotz.at\\\/impressum\\\/\"]}]},{\"@type\":\"BreadcrumbList\",\"@id\":\"https:\\\/\\\/www.ingklotz.at\\\/impressum\\\/#breadcrumb\",\"itemListElement\":[{\"@type\":\"ListItem\",\"position\":1,\"name\":\"Home\",\"item\":\"https:\\\/\\\/www.ingklotz.at\\\/\"},{\"@type\":\"ListItem\",\"position\":2,\"name\":\"Impressum\"}]},{\"@type\":\"WebSite\",\"@id\":\"https:\\\/\\\/www.ingklotz.at\\\/#website\",\"url\":\"https:\\\/\\\/www.ingklotz.at\\\/\",\"name\":\"Klotz Engineering GmbH\",\"description\":\"Ihr Partner f\u00fcr technische Pr\u00fcfungen\",\"publisher\":{\"@id\":\"https:\\\/\\\/www.ingklotz.at\\\/#organization\"},\"potentialAction\":[{\"@type\":\"SearchAction\",\"target\":{\"@type\":\"EntryPoint\",\"urlTemplate\":\"https:\\\/\\\/www.ingklotz.at\\\/?s={search_term_string}\"},\"query-input\":{\"@type\":\"PropertyValueSpecification\",\"valueRequired\":true,\"valueName\":\"search_term_string\"}}],\"inLanguage\":\"en-GB\"},{\"@type\":\"Organization\",\"@id\":\"https:\\\/\\\/www.ingklotz.at\\\/#organization\",\"name\":\"Klotz Engineering Gmbh\",\"url\":\"https:\\\/\\\/www.ingklotz.at\\\/\",\"logo\":{\"@type\":\"ImageObject\",\"inLanguage\":\"en-GB\",\"@id\":\"https:\\\/\\\/www.ingklotz.at\\\/#\\\/schema\\\/logo\\\/image\\\/\",\"url\":\"https:\\\/\\\/www.ingklotz.at\\\/wp-content\\\/uploads\\\/2026\\\/04\\\/Klotz-Engineering_Logo_new.png\",\"contentUrl\":\"https:\\\/\\\/www.ingklotz.at\\\/wp-content\\\/uploads\\\/2026\\\/04\\\/Klotz-Engineering_Logo_new.png\",\"width\":1539,\"height\":417,\"caption\":\"Klotz Engineering Gmbh\"},\"image\":{\"@id\":\"https:\\\/\\\/www.ingklotz.at\\\/#\\\/schema\\\/logo\\\/image\\\/\"}}]}<\/script>\n<!-- \/ Yoast SEO plugin. -->","yoast_head_json":{"title":"Impressum | Klotz Engineering GmbH","description":"Ihr Profi f\u00fcr technische \u00dcberpr\u00fcfung im \u00d6tztal. Das Ingenieurb\u00fcro Klotz steht f\u00fcr Sicherheit und bietet Pr\u00fcfdienstleistungen h\u00f6chster Qualit\u00e4t.","robots":{"index":"index","follow":"follow","max-snippet":"max-snippet:-1","max-image-preview":"max-image-preview:large","max-video-preview":"max-video-preview:-1"},"canonical":"https:\/\/www.ingklotz.at\/en\/impressum\/","og_locale":"en_GB","og_type":"article","og_title":"Impressum | Klotz Engineering GmbH","og_description":"Ihr Profi f\u00fcr technische \u00dcberpr\u00fcfung im \u00d6tztal. Das Ingenieurb\u00fcro Klotz steht f\u00fcr Sicherheit und bietet Pr\u00fcfdienstleistungen h\u00f6chster Qualit\u00e4t.","og_url":"https:\/\/www.ingklotz.at\/en\/impressum\/","og_site_name":"Klotz Engineering GmbH","article_modified_time":"2026-04-08T09:34:51+00:00","twitter_card":"summary_large_image","twitter_misc":{"Estimated reading time":"2 minutes"},"schema":{"@context":"https:\/\/schema.org","@graph":[{"@type":"WebPage","@id":"https:\/\/www.ingklotz.at\/impressum\/","url":"https:\/\/www.ingklotz.at\/impressum\/","name":"Impressum | Klotz Engineering GmbH","isPartOf":{"@id":"https:\/\/www.ingklotz.at\/#website"},"datePublished":"2020-03-07T22:15:33+00:00","dateModified":"2026-04-08T09:34:51+00:00","description":"Ihr Profi f\u00fcr technische \u00dcberpr\u00fcfung im \u00d6tztal. Das Ingenieurb\u00fcro Klotz steht f\u00fcr Sicherheit und bietet Pr\u00fcfdienstleistungen h\u00f6chster Qualit\u00e4t.","breadcrumb":{"@id":"https:\/\/www.ingklotz.at\/impressum\/#breadcrumb"},"inLanguage":"en-GB","potentialAction":[{"@type":"ReadAction","target":["https:\/\/www.ingklotz.at\/impressum\/"]}]},{"@type":"BreadcrumbList","@id":"https:\/\/www.ingklotz.at\/impressum\/#breadcrumb","itemListElement":[{"@type":"ListItem","position":1,"name":"Home","item":"https:\/\/www.ingklotz.at\/"},{"@type":"ListItem","position":2,"name":"Impressum"}]},{"@type":"WebSite","@id":"https:\/\/www.ingklotz.at\/#website","url":"https:\/\/www.ingklotz.at\/","name":"Klotz Engineering GmbH","description":"Ihr Partner f\u00fcr technische Pr\u00fcfungen","publisher":{"@id":"https:\/\/www.ingklotz.at\/#organization"},"potentialAction":[{"@type":"SearchAction","target":{"@type":"EntryPoint","urlTemplate":"https:\/\/www.ingklotz.at\/?s={search_term_string}"},"query-input":{"@type":"PropertyValueSpecification","valueRequired":true,"valueName":"search_term_string"}}],"inLanguage":"en-GB"},{"@type":"Organization","@id":"https:\/\/www.ingklotz.at\/#organization","name":"Klotz Engineering Gmbh","url":"https:\/\/www.ingklotz.at\/","logo":{"@type":"ImageObject","inLanguage":"en-GB","@id":"https:\/\/www.ingklotz.at\/#\/schema\/logo\/image\/","url":"https:\/\/www.ingklotz.at\/wp-content\/uploads\/2026\/04\/Klotz-Engineering_Logo_new.png","contentUrl":"https:\/\/www.ingklotz.at\/wp-content\/uploads\/2026\/04\/Klotz-Engineering_Logo_new.png","width":1539,"height":417,"caption":"Klotz Engineering Gmbh"},"image":{"@id":"https:\/\/www.ingklotz.at\/#\/schema\/logo\/image\/"}}]}},"_links":{"self":[{"href":"https:\/\/www.ingklotz.at\/en\/wp-json\/wp\/v2\/pages\/386","targetHints":{"allow":["GET"]}}],"collection":[{"href":"https:\/\/www.ingklotz.at\/en\/wp-json\/wp\/v2\/pages"}],"about":[{"href":"https:\/\/www.ingklotz.at\/en\/wp-json\/wp\/v2\/types\/page"}],"author":[{"embeddable":true,"href":"https:\/\/www.ingklotz.at\/en\/wp-json\/wp\/v2\/users\/1"}],"replies":[{"embeddable":true,"href":"https:\/\/www.ingklotz.at\/en\/wp-json\/wp\/v2\/comments?post=386"}],"version-history":[{"count":10,"href":"https:\/\/www.ingklotz.at\/en\/wp-json\/wp\/v2\/pages\/386\/revisions"}],"predecessor-version":[{"id":2181,"href":"https:\/\/www.ingklotz.at\/en\/wp-json\/wp\/v2\/pages\/386\/revisions\/2181"}],"wp:attachment":[{"href":"https:\/\/www.ingklotz.at\/en\/wp-json\/wp\/v2\/media?parent=386"}],"curies":[{"name":"wp","href":"https:\/\/api.w.org\/{rel}","templated":true}]}}